{"id":540,"date":"2025-04-23T21:49:45","date_gmt":"2025-04-23T19:49:45","guid":{"rendered":"https:\/\/roomforcrew.fr\/?page_id=540"},"modified":"2025-04-23T21:49:45","modified_gmt":"2025-04-23T19:49:45","slug":"mentions-legales","status":"publish","type":"page","link":"https:\/\/roomforcrew.fr\/index.php\/mentions-legales\/","title":{"rendered":"Mentions l\u00e9gales"},"content":{"rendered":"\n<ul class=\"wp-block-list\">\n<li>D\u00e9nomination : Monsieur Nicolas PICHON Entrepreneur individuel Siret  81264861600017<\/li>\n\n\n\n<li>Coordonn\u00e9es t\u00e9l\u00e9phoniques&nbsp; 0033689934749<\/li>\n\n\n\n<li>Adresse du Si\u00e8ge social : 142 all\u00e9e de LIEGE, 59777 Lille France<\/li>\n\n\n\n<li>Renseignements concernant l\u2019h\u00e9bergeur du site : Soci\u00e9t\u00e9 OVH &#8211; RCS Lille M\u00e9tropole 424 761 419 00045 &#8211; Si\u00e8ge social : 2 rue Kellermann &#8211; 59100 Roubaix &#8211; France &#8211;<\/li>\n<\/ul>\n\n\n\n<p class=\"has-large-font-size\">LITIGES :<\/p>\n\n\n\n<p>\u00ab En cas de litige entre le professionnel et le consommateur, ceux-ci s\u2019efforceront de trouver une solution amiable.<\/p>\n\n\n\n<p>A d\u00e9faut d\u2019accord amiable, le consommateur a la possibilit\u00e9 de saisir gratuitement le m\u00e9diateur de la consommation dont rel\u00e8ve le professionnel, \u00e0 savoir l\u2019Association des M\u00e9diateurs Europ\u00e9ens (AME CONSO), dans un d\u00e9lai d\u2019un an \u00e0 compter de la r\u00e9clamation \u00e9crite adress\u00e9e au professionnel.<\/p>\n\n\n\n<p>La saisine du m\u00e9diateur de la consommation devra s\u2019effectuer :<\/p>\n\n\n\n<p>&#8211;&nbsp;&nbsp;&nbsp;&nbsp;&nbsp;&nbsp;&nbsp;&nbsp;&nbsp;&nbsp;&nbsp;&nbsp;&nbsp; soit en compl\u00e9tant le formulaire pr\u00e9vu \u00e0 cet effet sur le site internet de l\u2019AME CONSO :&nbsp;<a href=\"http:\/\/www.mediationconso-ame.com\/\" target=\"_blank\" rel=\"noreferrer noopener\">www.mediationconso-ame.com<\/a>&nbsp;;<\/p>\n\n\n\n<p>&#8211;&nbsp;&nbsp;&nbsp;&nbsp;&nbsp;&nbsp;&nbsp;&nbsp;&nbsp;&nbsp;&nbsp;&nbsp;&nbsp; soit par courrier adress\u00e9 \u00e0 l\u2019AME CONSO, 197 Boulevard Saint-Germain &#8211; 75007 PARIS. \u00bb<\/p>\n","protected":false},"excerpt":{"rendered":"<p>LITIGES : \u00ab En cas de litige entre le professionnel et le consommateur, ceux-ci s\u2019efforceront de trouver une solution amiable. A d\u00e9faut d\u2019accord amiable, le consommateur a la possibilit\u00e9 de saisir gratuitement le m\u00e9diateur de la consommation dont rel\u00e8ve le professionnel, \u00e0 savoir l\u2019Association des M\u00e9diateurs Europ\u00e9ens (AME CONSO), dans un d\u00e9lai d\u2019un an \u00e0 [&hellip;]<\/p>\n","protected":false},"author":1,"featured_media":0,"parent":0,"menu_order":0,"comment_status":"closed","ping_status":"closed","template":"","meta":{"_acf_changed":false,"_uag_custom_page_level_css":"","footnotes":""},"class_list":["post-540","page","type-page","status-publish","hentry"],"acf":[],"uagb_featured_image_src":{"full":false,"thumbnail":false,"medium":false,"medium_large":false,"large":false,"1536x1536":false,"2048x2048":false,"image_800x600":false},"uagb_author_info":{"display_name":"nicolas","author_link":"https:\/\/roomforcrew.fr\/index.php\/author\/nicolas\/"},"uagb_comment_info":0,"uagb_excerpt":"LITIGES : \u00ab En cas de litige entre le professionnel et le consommateur, ceux-ci s\u2019efforceront de trouver une solution amiable. A d\u00e9faut d\u2019accord amiable, le consommateur a la possibilit\u00e9 de saisir gratuitement le m\u00e9diateur de la consommation dont rel\u00e8ve le professionnel, \u00e0 savoir l\u2019Association des M\u00e9diateurs Europ\u00e9ens (AME CONSO), dans un d\u00e9lai d\u2019un an \u00e0\u2026","_links":{"self":[{"href":"https:\/\/roomforcrew.fr\/index.php\/wp-json\/wp\/v2\/pages\/540","targetHints":{"allow":["GET"]}}],"collection":[{"href":"https:\/\/roomforcrew.fr\/index.php\/wp-json\/wp\/v2\/pages"}],"about":[{"href":"https:\/\/roomforcrew.fr\/index.php\/wp-json\/wp\/v2\/types\/page"}],"author":[{"embeddable":true,"href":"https:\/\/roomforcrew.fr\/index.php\/wp-json\/wp\/v2\/users\/1"}],"replies":[{"embeddable":true,"href":"https:\/\/roomforcrew.fr\/index.php\/wp-json\/wp\/v2\/comments?post=540"}],"version-history":[{"count":2,"href":"https:\/\/roomforcrew.fr\/index.php\/wp-json\/wp\/v2\/pages\/540\/revisions"}],"predecessor-version":[{"id":568,"href":"https:\/\/roomforcrew.fr\/index.php\/wp-json\/wp\/v2\/pages\/540\/revisions\/568"}],"wp:attachment":[{"href":"https:\/\/roomforcrew.fr\/index.php\/wp-json\/wp\/v2\/media?parent=540"}],"curies":[{"name":"wp","href":"https:\/\/api.w.org\/{rel}","templated":true}]}}